{"id":2,"date":"2022-09-02T17:15:25","date_gmt":"2022-09-02T15:15:25","guid":{"rendered":"http:\/\/groupe-darquier.fr\/?page_id=2"},"modified":"2022-09-03T14:56:56","modified_gmt":"2022-09-03T12:56:56","slug":"groupe-darquier","status":"publish","type":"page","link":"https:\/\/groupe-darquier.fr\/","title":{"rendered":"Groupe Darquier"},"content":{"rendered":"<p>[et_pb_section fb_built=&#8221;1&#8243; _builder_version=&#8221;4.1&#8243; background_image=&#8221;http:\/\/groupe-darquier.fr\/wp-content\/uploads\/2022\/09\/background-1.jpg&#8221; min_height=&#8221;951px&#8221; custom_margin=&#8221;||13px|||&#8221; hover_enabled=&#8221;0&#8243;][et_pb_row _builder_version=&#8221;4.1&#8243; custom_padding=&#8221;13px|||||&#8221;][et_pb_column type=&#8221;4_4&#8243; _builder_version=&#8221;4.1&#8243;][et_pb_image src=&#8221;http:\/\/groupe-darquier.fr\/wp-content\/uploads\/2022\/09\/darquier.png&#8221; align=&#8221;center&#8221; _builder_version=&#8221;4.1&#8243; custom_margin=&#8221;||4px|||&#8221; custom_padding=&#8221;60px|425px|60px|425px|true|true&#8221;][\/et_pb_image][et_pb_text _builder_version=&#8221;4.1&#8243; text_font=&#8221;|300|||||||&#8221; text_font_size=&#8221;17px&#8221; text_line_height=&#8221;1em&#8221; custom_margin=&#8221;||19px|||&#8221;]<\/p>\n<p style=\"text-align: center;\">Pour plus d&#8217;informations, visitez nos sites web !<\/p>\n<p>[\/et_pb_text][\/et_pb_column][\/et_pb_row][et_pb_row column_structure=&#8221;1_2,1_2&#8243; _builder_version=&#8221;4.1&#8243;][et_pb_column type=&#8221;1_2&#8243; _builder_version=&#8221;4.1&#8243;][et_pb_image src=&#8221;http:\/\/groupe-darquier.fr\/wp-content\/uploads\/2022\/09\/AM.png&#8221; _builder_version=&#8221;4.1&#8243; custom_padding=&#8221;|165px||165px||true&#8221;][\/et_pb_image][\/et_pb_column][et_pb_column type=&#8221;1_2&#8243; _builder_version=&#8221;4.1&#8243;][et_pb_image src=&#8221;http:\/\/groupe-darquier.fr\/wp-content\/uploads\/2022\/09\/EURO.png&#8221; _builder_version=&#8221;4.1&#8243; custom_padding=&#8221;|142px||142px||true&#8221;][\/et_pb_image][\/et_pb_column][\/et_pb_row][et_pb_row column_structure=&#8221;1_2,1_2&#8243; _builder_version=&#8221;4.1&#8243;][et_pb_column type=&#8221;1_2&#8243; _builder_version=&#8221;4.1&#8243;][et_pb_button button_url=&#8221;https:\/\/www.aquitaine-management.fr\/&#8221; button_text=&#8221;Aquitaine Management&#8221; button_alignment=&#8221;center&#8221; _builder_version=&#8221;4.1&#8243; custom_button=&#8221;on&#8221; button_text_size=&#8221;18px&#8221; button_text_color=&#8221;#000000&#8243; button_bg_color=&#8221;rgba(255,255,255,0.47)&#8221; button_border_width=&#8221;0px&#8221; button_border_radius=&#8221;42px&#8221; button_use_icon=&#8221;off&#8221; background_layout=&#8221;dark&#8221; custom_padding=&#8221;|20px||||&#8221; button_text_size__hover_enabled=&#8221;on|hover&#8221; button_text_size__hover=&#8221;19px&#8221;][\/et_pb_button][\/et_pb_column][et_pb_column type=&#8221;1_2&#8243; _builder_version=&#8221;4.1&#8243;][et_pb_button button_url=&#8221;https:\/\/www.leuropeenne.fr\/%20&#8243; button_text=&#8221;L&#8217;europeenne&#8221; button_alignment=&#8221;center&#8221; _builder_version=&#8221;4.1&#8243; custom_button=&#8221;on&#8221; button_text_size=&#8221;18px&#8221; button_text_color=&#8221;#000000&#8243; button_bg_color=&#8221;rgba(255,255,255,0.45)&#8221; button_border_width=&#8221;0px&#8221; button_border_radius=&#8221;42px&#8221; button_use_icon=&#8221;off&#8221; background_layout=&#8221;dark&#8221; custom_padding=&#8221;|20px||||&#8221; button_text_size_last_edited=&#8221;off|desktop&#8221; button_text_size__hover_enabled=&#8221;on|hover&#8221; button_text_size__hover=&#8221;19px&#8221;][\/et_pb_button][\/et_pb_column][\/et_pb_row][\/et_pb_section]<\/p>\n","protected":false},"excerpt":{"rendered":"<p>[et_pb_section fb_built=&#8221;1&#8243; _builder_version=&#8221;4.1&#8243; background_image=&#8221;http:\/\/groupe-darquier.fr\/wp-content\/uploads\/2022\/09\/background-1.jpg&#8221; min_height=&#8221;951px&#8221; custom_margin=&#8221;||13px|||&#8221; hover_enabled=&#8221;0&#8243;][et_pb_row _builder_version=&#8221;4.1&#8243; custom_padding=&#8221;13px|||||&#8221;][et_pb_column type=&#8221;4_4&#8243; _builder_version=&#8221;4.1&#8243;][et_pb_image src=&#8221;http:\/\/groupe-darquier.fr\/wp-content\/uploads\/2022\/09\/darquier.png&#8221; align=&#8221;center&#8221; _builder_version=&#8221;4.1&#8243; custom_margin=&#8221;||4px|||&#8221; custom_padding=&#8221;60px|425px|60px|425px|true|true&#8221;][\/et_pb_image][et_pb_text _builder_version=&#8221;4.1&#8243; text_font=&#8221;|300|||||||&#8221; text_font_size=&#8221;17px&#8221; text_line_height=&#8221;1em&#8221; custom_margin=&#8221;||19px|||&#8221;] Pour plus d&#8217;informations, visitez nos sites web ! [\/et_pb_text][\/et_pb_column][\/et_pb_row][et_pb_row column_structure=&#8221;1_2,1_2&#8243; _builder_version=&#8221;4.1&#8243;][et_pb_column type=&#8221;1_2&#8243; _builder_version=&#8221;4.1&#8243;][et_pb_image src=&#8221;http:\/\/groupe-darquier.fr\/wp-content\/uploads\/2022\/09\/AM.png&#8221; _builder_version=&#8221;4.1&#8243; custom_padding=&#8221;|165px||165px||true&#8221;][\/et_pb_image][\/et_pb_column][et_pb_column type=&#8221;1_2&#8243; _builder_version=&#8221;4.1&#8243;][et_pb_image src=&#8221;http:\/\/groupe-darquier.fr\/wp-content\/uploads\/2022\/09\/EURO.png&#8221; _builder_version=&#8221;4.1&#8243; custom_padding=&#8221;|142px||142px||true&#8221;][\/et_pb_image][\/et_pb_column][\/et_pb_row][et_pb_row column_structure=&#8221;1_2,1_2&#8243; _builder_version=&#8221;4.1&#8243;][et_pb_column type=&#8221;1_2&#8243; _builder_version=&#8221;4.1&#8243;][et_pb_button button_url=&#8221;https:\/\/www.aquitaine-management.fr\/&#8221; button_text=&#8221;Aquitaine Management&#8221; button_alignment=&#8221;center&#8221; _builder_version=&#8221;4.1&#8243; custom_button=&#8221;on&#8221; button_text_size=&#8221;18px&#8221; button_text_color=&#8221;#000000&#8243; button_bg_color=&#8221;rgba(255,255,255,0.47)&#8221; [&hellip;]<\/p>\n","protected":false},"author":1,"featured_media":0,"parent":0,"menu_order":0,"comment_status":"closed","ping_status":"closed","template":"page-template-blank.php","meta":{"_et_pb_use_builder":"on","_et_pb_old_content":"<!-- wp:paragraph -->\n<p>Ceci est une page d\u2019exemple. C\u2019est diff\u00e9rent d\u2019un article de blog parce qu\u2019elle restera au m\u00eame endroit et appara\u00eetra dans la navigation de votre site (dans la plupart des th\u00e8mes). La plupart des gens commencent par une page \u00ab\u00a0\u00c0 propos\u00a0\u00bb qui les pr\u00e9sente aux personnes visitant le site. Cela pourrait ressembler \u00e0 quelque chose comme cela\u00a0:<\/p>\n<!-- \/wp:paragraph -->\n\n<!-- wp:quote -->\n<blockquote class=\"wp-block-quote\"><p>Bonjour\u00a0! Je suis un m\u00e9canicien qui aspire \u00e0 devenir acteur, et voici mon site. J\u2019habite \u00e0 Bordeaux, j\u2019ai un super chien baptis\u00e9 Russell, et j\u2019aime la vodka (ainsi qu\u2019\u00eatre surpris par la pluie soudaine lors de longues balades sur la plage au coucher du soleil).<\/p><\/blockquote>\n<!-- \/wp:quote -->\n\n<!-- wp:paragraph -->\n<p>\u2026ou quelque chose comme cela\u00a0:<\/p>\n<!-- \/wp:paragraph -->\n\n<!-- wp:quote -->\n<blockquote class=\"wp-block-quote\"><p>La soci\u00e9t\u00e9 123 Machin Truc a \u00e9t\u00e9 cr\u00e9\u00e9e en 1971, et n\u2019a cess\u00e9 de proposer au public des machins-trucs de qualit\u00e9 depuis lors. Situ\u00e9e \u00e0 Saint-Remy-en-Bouzemont-Saint-Genest-et-Isson, 123 Machin Truc emploie 2 000 personnes, et fabrique toutes sortes de bidules supers pour la communaut\u00e9 bouzemontoise.<\/p><\/blockquote>\n<!-- \/wp:quote -->\n\n<!-- wp:paragraph -->\n<p>En tant que nouvel utilisateur ou utilisatrice de WordPress, vous devriez vous rendre sur <a href=\"http:\/\/groupe-darquier.fr\/wp-admin\/\">votre tableau de bord<\/a> pour supprimer cette page et cr\u00e9er de nouvelles pages pour votre contenu. Amusez-vous bien\u00a0!<\/p>\n<!-- \/wp:paragraph -->","_et_gb_content_width":"","footnotes":""},"class_list":["post-2","page","type-page","status-publish","hentry"],"_links":{"self":[{"href":"https:\/\/groupe-darquier.fr\/index.php\/wp-json\/wp\/v2\/pages\/2","targetHints":{"allow":["GET"]}}],"collection":[{"href":"https:\/\/groupe-darquier.fr\/index.php\/wp-json\/wp\/v2\/pages"}],"about":[{"href":"https:\/\/groupe-darquier.fr\/index.php\/wp-json\/wp\/v2\/types\/page"}],"author":[{"embeddable":true,"href":"https:\/\/groupe-darquier.fr\/index.php\/wp-json\/wp\/v2\/users\/1"}],"replies":[{"embeddable":true,"href":"https:\/\/groupe-darquier.fr\/index.php\/wp-json\/wp\/v2\/comments?post=2"}],"version-history":[{"count":22,"href":"https:\/\/groupe-darquier.fr\/index.php\/wp-json\/wp\/v2\/pages\/2\/revisions"}],"predecessor-version":[{"id":52,"href":"https:\/\/groupe-darquier.fr\/index.php\/wp-json\/wp\/v2\/pages\/2\/revisions\/52"}],"wp:attachment":[{"href":"https:\/\/groupe-darquier.fr\/index.php\/wp-json\/wp\/v2\/media?parent=2"}],"curies":[{"name":"wp","href":"https:\/\/api.w.org\/{rel}","templated":true}]}}